{"id":1000077,"date":"2024-03-15T14:20:52","date_gmt":"2024-03-15T14:20:52","guid":{"rendered":"https:\/\/aluforma-plast.al\/finestre\/shiriti-dritares-me-izolim-strukturor\/"},"modified":"2024-06-26T15:21:52","modified_gmt":"2024-06-26T15:21:52","slug":"shiriti-dritares-me-izolim-strukturor","status":"publish","type":"page","link":"https:\/\/aluforma-plast.al\/it\/finestre\/shiriti-dritares-me-izolim-strukturor\/","title":{"rendered":"Shiriti Dritares Me Izolim Strukturor"},"content":{"rendered":"\t\t<div data-elementor-type=\"wp-page\" data-elementor-id=\"1000077\" class=\"elementor elementor-1000077 elementor-990268\" data-elementor-post-type=\"page\">\n\t\t\t\t\t\t<section class=\"elementor-section elementor-top-section elementor-element elementor-element-3913b86 elementor-section-content-top elementor-section-boxed elementor-section-height-default elementor-section-height-default elementor-invisible\" data-id=\"3913b86\" data-element_type=\"section\" data-settings=\"{&quot;background_background&quot;:&quot;classic&quot;,&quot;animation&quot;:&quot;fadeIn&quot;}\">\n\t\t\t\t\t\t\t<div class=\"elementor-background-overlay\"><\/div>\n\t\t\t\t\t\t\t<div class=\"elementor-container elementor-column-gap-no\">\n\t\t\t\t\t<div class=\"elementor-column elementor-col-33 elementor-top-column elementor-element elementor-element-e54efe7\" data-id=\"e54efe7\" data-element_type=\"column\">\n\t\t\t<div class=\"elementor-widget-wrap elementor-element-populated\">\n\t\t\t\t\t\t<div class=\"elementor-element elementor-element-70d33f5 elementor-invisible elementor-widget elementor-widget-heading\" data-id=\"70d33f5\" data-element_type=\"widget\" data-settings=\"{&quot;_animation&quot;:&quot;fadeIn&quot;,&quot;_animation_delay&quot;:200}\" data-widget_type=\"heading.default\">\n\t\t\t\t<div class=\"elementor-widget-container\">\n\t\t\t\t\t<h2 class=\"elementor-heading-title elementor-size-default\">Barra Della Finestra Con Isolamento Strutturale<\/h2>\t\t\t\t<\/div>\n\t\t\t\t<\/div>\n\t\t\t\t\t<\/div>\n\t\t<\/div>\n\t\t\t\t<div class=\"elementor-column elementor-col-66 elementor-top-column elementor-element elementor-element-f46166c\" data-id=\"f46166c\" data-element_type=\"column\">\n\t\t\t<div class=\"elementor-widget-wrap elementor-element-populated\">\n\t\t\t\t\t\t<div class=\"elementor-element elementor-element-f9a0f2f elementor-widget elementor-widget-text-editor\" data-id=\"f9a0f2f\" data-element_type=\"widget\" data-widget_type=\"text-editor.default\">\n\t\t\t\t<div class=\"elementor-widget-container\">\n\t\t\t\t\t\t\t\t\t<p><strong>L&#8217;immaginazione diventa realt\u00e0!<\/strong><\/p><p>Soluzioni per l&#8217;installazione di finestre in uno strato di isolamento termico<\/p>\t\t\t\t\t\t\t\t<\/div>\n\t\t\t\t<\/div>\n\t\t\t\t\t<\/div>\n\t\t<\/div>\n\t\t\t\t\t<\/div>\n\t\t<\/section>\n\t\t<div class=\"elementor-element elementor-element-0ed2883 e-flex e-con-boxed elementor-invisible e-con e-parent\" data-id=\"0ed2883\" data-element_type=\"container\" data-settings=\"{&quot;animation&quot;:&quot;fadeIn&quot;}\">\n\t\t\t\t\t<div class=\"e-con-inner\">\n\t\t\t\t<div class=\"elementor-element elementor-element-2b53ee2 elementor-widget-divider--view-line elementor-widget elementor-widget-divider\" data-id=\"2b53ee2\" data-element_type=\"widget\" data-widget_type=\"divider.default\">\n\t\t\t\t<div class=\"elementor-widget-container\">\n\t\t\t\t\t\t\t<div class=\"elementor-divider\">\n\t\t\t<span class=\"elementor-divider-separator\">\n\t\t\t\t\t\t<\/span>\n\t\t<\/div>\n\t\t\t\t\t\t<\/div>\n\t\t\t\t<\/div>\n\t\t\t\t\t<\/div>\n\t\t\t\t<\/div>\n\t\t<div class=\"elementor-element elementor-element-e6fcebe e-grid e-con-boxed elementor-invisible e-con e-parent\" data-id=\"e6fcebe\" data-element_type=\"container\" data-settings=\"{&quot;animation&quot;:&quot;fadeIn&quot;}\">\n\t\t\t\t\t<div class=\"e-con-inner\">\n\t\t\t\t<div class=\"elementor-element elementor-element-80c1abb elementor-widget elementor-widget-image\" data-id=\"80c1abb\" data-element_type=\"widget\" data-widget_type=\"image.default\">\n\t\t\t\t<div class=\"elementor-widget-container\">\n\t\t\t\t\t\t\t\t\t\t\t\t\t\t\t<img fetchpriority=\"high\" decoding=\"async\" width=\"309\" height=\"302\" src=\"https:\/\/aluforma-plast.al\/wp-content\/uploads\/2024\/03\/35738a_afa4b644da2e4e0e9b6c74ddfbed02c1mv2.jpg\" class=\"attachment-full size-full wp-image-1000081\" alt=\"\" srcset=\"https:\/\/aluforma-plast.al\/wp-content\/uploads\/2024\/03\/35738a_afa4b644da2e4e0e9b6c74ddfbed02c1mv2.jpg 309w, https:\/\/aluforma-plast.al\/wp-content\/uploads\/2024\/03\/35738a_afa4b644da2e4e0e9b6c74ddfbed02c1mv2-300x293.jpg 300w\" sizes=\"(max-width: 309px) 100vw, 309px\" \/>\t\t\t\t\t\t\t\t\t\t\t\t\t\t\t<\/div>\n\t\t\t\t<\/div>\n\t\t\t\t<div class=\"elementor-element elementor-element-cf44e37 elementor-widget elementor-widget-image\" data-id=\"cf44e37\" data-element_type=\"widget\" data-widget_type=\"image.default\">\n\t\t\t\t<div class=\"elementor-widget-container\">\n\t\t\t\t\t\t\t\t\t\t\t\t\t\t\t<img decoding=\"async\" width=\"309\" height=\"302\" src=\"https:\/\/aluforma-plast.al\/wp-content\/uploads\/2024\/03\/35738a_7b944e6f38c048cf9041f837c4353666mv2.jpg\" class=\"attachment-full size-full wp-image-1000080\" alt=\"\" srcset=\"https:\/\/aluforma-plast.al\/wp-content\/uploads\/2024\/03\/35738a_7b944e6f38c048cf9041f837c4353666mv2.jpg 309w, https:\/\/aluforma-plast.al\/wp-content\/uploads\/2024\/03\/35738a_7b944e6f38c048cf9041f837c4353666mv2-300x293.jpg 300w\" sizes=\"(max-width: 309px) 100vw, 309px\" \/>\t\t\t\t\t\t\t\t\t\t\t\t\t\t\t<\/div>\n\t\t\t\t<\/div>\n\t\t\t\t<div class=\"elementor-element elementor-element-c847547 elementor-widget elementor-widget-image\" data-id=\"c847547\" data-element_type=\"widget\" data-widget_type=\"image.default\">\n\t\t\t\t<div class=\"elementor-widget-container\">\n\t\t\t\t\t\t\t\t\t\t\t\t\t\t\t<img decoding=\"async\" width=\"309\" height=\"302\" src=\"https:\/\/aluforma-plast.al\/wp-content\/uploads\/2024\/03\/35738a_b805c12e9e8448d094fdb8e0a0f5d524mv2.jpg\" class=\"attachment-full size-full wp-image-1000078\" alt=\"\" srcset=\"https:\/\/aluforma-plast.al\/wp-content\/uploads\/2024\/03\/35738a_b805c12e9e8448d094fdb8e0a0f5d524mv2.jpg 309w, https:\/\/aluforma-plast.al\/wp-content\/uploads\/2024\/03\/35738a_b805c12e9e8448d094fdb8e0a0f5d524mv2-300x293.jpg 300w\" sizes=\"(max-width: 309px) 100vw, 309px\" \/>\t\t\t\t\t\t\t\t\t\t\t\t\t\t\t<\/div>\n\t\t\t\t<\/div>\n\t\t\t\t\t<\/div>\n\t\t\t\t<\/div>\n\t\t<div class=\"elementor-element elementor-element-6f911be e-flex e-con-boxed e-con e-parent\" data-id=\"6f911be\" data-element_type=\"container\">\n\t\t\t\t\t<div class=\"e-con-inner\">\n\t\t\t\t<div class=\"elementor-element elementor-element-6cbe2dd elementor-widget elementor-widget-heading\" data-id=\"6cbe2dd\" data-element_type=\"widget\" data-widget_type=\"heading.default\">\n\t\t\t\t<div class=\"elementor-widget-container\">\n\t\t\t\t\t<h3 class=\"elementor-heading-title elementor-size-default\">Nastro per finestre \"L-Therm\" Black Line<\/h3>\t\t\t\t<\/div>\n\t\t\t\t<\/div>\n\t\t\t\t<div class=\"elementor-element elementor-element-99ad0b4 elementor-widget elementor-widget-text-editor\" data-id=\"99ad0b4\" data-element_type=\"widget\" data-widget_type=\"text-editor.default\">\n\t\t\t\t<div class=\"elementor-widget-container\">\n\t\t\t\t\t\t\t\t\t<ul><li>Realizzato in schiuma termoplastica ad alta densit\u00e0, a base di polistirene<\/li><li>Il nastro per finestre L-THERM \u00e8 adatto alla separazione termica, per l&#8217;uso nei profili di finestre o porte in progetti commerciali e residenziali per migliorare l&#8217;efficienza energetica dell&#8217;edificio<\/li><li>Ridurre al minimo i ponti termici<\/li><li>La superficie \u00e8 resistente all&#8217;umidit\u00e0<\/li><li>Tiene perfettamente il carico sulla finestra<\/li><li>Le strisce sono facili e veloci da installare<\/li><li>Elevata resistenza alla compressione fino a 25 kg\/cm2<\/li><li>Un&#8217;eccellente conduttivit\u00e0 termica da 0,039 [W\/m*K]<\/li><li>Resistenza alla densit\u00e0 150 kg\/m3<\/li><li>Eccellente capacit\u00e0 di assorbimento dell&#8217;acqua: non assorbe pi\u00f9 dell&#8217;1,5% di umidit\u00e0<\/li><\/ul>\t\t\t\t\t\t\t\t<\/div>\n\t\t\t\t<\/div>\n\t\t\t\t\t<\/div>\n\t\t\t\t<\/div>\n\t\t<div class=\"elementor-element elementor-element-54a1b4d e-grid e-con-boxed elementor-invisible e-con e-parent\" data-id=\"54a1b4d\" data-element_type=\"container\" data-settings=\"{&quot;animation&quot;:&quot;fadeIn&quot;}\">\n\t\t\t\t\t<div class=\"e-con-inner\">\n\t\t\t\t<div class=\"elementor-element elementor-element-97fb762 elementor-widget elementor-widget-image\" data-id=\"97fb762\" data-element_type=\"widget\" data-widget_type=\"image.default\">\n\t\t\t\t<div class=\"elementor-widget-container\">\n\t\t\t\t\t\t\t\t\t\t\t\t\t\t\t<img loading=\"lazy\" decoding=\"async\" width=\"449\" height=\"169\" src=\"https:\/\/aluforma-plast.al\/wp-content\/uploads\/2024\/03\/l-therm2.jpg\" class=\"attachment-full size-full wp-image-1000082\" alt=\"\" srcset=\"https:\/\/aluforma-plast.al\/wp-content\/uploads\/2024\/03\/l-therm2.jpg 449w, https:\/\/aluforma-plast.al\/wp-content\/uploads\/2024\/03\/l-therm2-300x113.jpg 300w\" sizes=\"(max-width: 449px) 100vw, 449px\" \/>\t\t\t\t\t\t\t\t\t\t\t\t\t\t\t<\/div>\n\t\t\t\t<\/div>\n\t\t\t\t<div class=\"elementor-element elementor-element-b5631f4 elementor-widget elementor-widget-text-editor\" data-id=\"b5631f4\" data-element_type=\"widget\" data-widget_type=\"text-editor.default\">\n\t\t\t\t<div class=\"elementor-widget-container\">\n\t\t\t\t\t\t\t\t\t<p><strong>Dimensioni disponibili:<\/strong><\/p><p>Versione STANDARD 1300 mm x 60-1100 mm x 60 mm o 70 mm<br \/>Versione PRO 1270 mm x 100 mm x 85 mm<br \/>Versione PRO 1270 mm x 100 mm x 100 mm<\/p>\t\t\t\t\t\t\t\t<\/div>\n\t\t\t\t<\/div>\n\t\t\t\t\t<\/div>\n\t\t\t\t<\/div>\n\t\t<div class=\"elementor-element elementor-element-b1063c2 e-flex e-con-boxed e-con e-parent\" data-id=\"b1063c2\" data-element_type=\"container\">\n\t\t\t\t\t<div class=\"e-con-inner\">\n\t\t\t\t<div class=\"elementor-element elementor-element-93682af elementor-widget elementor-widget-gallery\" data-id=\"93682af\" data-element_type=\"widget\" data-settings=\"{&quot;columns_mobile&quot;:2,&quot;lazyload&quot;:&quot;yes&quot;,&quot;gallery_layout&quot;:&quot;grid&quot;,&quot;columns&quot;:4,&quot;columns_tablet&quot;:2,&quot;gap&quot;:{&quot;unit&quot;:&quot;px&quot;,&quot;size&quot;:10,&quot;sizes&quot;:[]},&quot;gap_tablet&quot;:{&quot;unit&quot;:&quot;px&quot;,&quot;size&quot;:10,&quot;sizes&quot;:[]},&quot;gap_mobile&quot;:{&quot;unit&quot;:&quot;px&quot;,&quot;size&quot;:10,&quot;sizes&quot;:[]},&quot;link_to&quot;:&quot;file&quot;,&quot;aspect_ratio&quot;:&quot;3:2&quot;,&quot;overlay_background&quot;:&quot;yes&quot;,&quot;content_hover_animation&quot;:&quot;fade-in&quot;}\" data-widget_type=\"gallery.default\">\n\t\t\t\t<div class=\"elementor-widget-container\">\n\t\t\t\t\t\t\t<div class=\"elementor-gallery__container\">\n\t\t\t\t\t\t\t<a class=\"e-gallery-item elementor-gallery-item elementor-animated-content\" href=\"https:\/\/aluforma-plast.al\/wp-content\/uploads\/2024\/03\/35738a_211d5c1902a348a3868f733f1f8479e5mv2.jpg\" data-elementor-open-lightbox=\"yes\" data-elementor-lightbox-slideshow=\"93682af\" data-elementor-lightbox-title=\"35738a_211d5c1902a348a3868f733f1f8479e5~mv2\" data-e-action-hash=\"#elementor-action%3Aaction%3Dlightbox%26settings%3DeyJpZCI6OTkwMjc4LCJ1cmwiOiJodHRwczpcL1wvYWx1Zm9ybWEtcGxhc3QuYWxcL3dwLWNvbnRlbnRcL3VwbG9hZHNcLzIwMjRcLzAzXC8zNTczOGFfMjExZDVjMTkwMmEzNDhhMzg2OGY3MzNmMWY4NDc5ZTVtdjIuanBnIiwic2xpZGVzaG93IjoiOTM2ODJhZiJ9\">\n\t\t\t\t\t<div class=\"e-gallery-image elementor-gallery-item__image\" data-thumbnail=\"https:\/\/aluforma-plast.al\/wp-content\/uploads\/2024\/03\/35738a_211d5c1902a348a3868f733f1f8479e5mv2.jpg\" data-width=\"258\" data-height=\"238\" aria-label=\"\" role=\"img\" ><\/div>\n\t\t\t\t\t\t\t\t\t\t\t<div class=\"elementor-gallery-item__overlay\"><\/div>\n\t\t\t\t\t\t\t\t\t\t\t\t\t\t<\/a>\n\t\t\t\t\t\t\t<a class=\"e-gallery-item elementor-gallery-item elementor-animated-content\" href=\"https:\/\/aluforma-plast.al\/wp-content\/uploads\/2024\/03\/35738a_a50ab7365a644f4a85b71a417b9ab0c3mv2.jpg\" data-elementor-open-lightbox=\"yes\" data-elementor-lightbox-slideshow=\"93682af\" data-elementor-lightbox-title=\"35738a_a50ab7365a644f4a85b71a417b9ab0c3~mv2\" data-e-action-hash=\"#elementor-action%3Aaction%3Dlightbox%26settings%3DeyJpZCI6OTkwMjc3LCJ1cmwiOiJodHRwczpcL1wvYWx1Zm9ybWEtcGxhc3QuYWxcL3dwLWNvbnRlbnRcL3VwbG9hZHNcLzIwMjRcLzAzXC8zNTczOGFfYTUwYWI3MzY1YTY0NGY0YTg1YjcxYTQxN2I5YWIwYzNtdjIuanBnIiwic2xpZGVzaG93IjoiOTM2ODJhZiJ9\">\n\t\t\t\t\t<div class=\"e-gallery-image elementor-gallery-item__image\" data-thumbnail=\"https:\/\/aluforma-plast.al\/wp-content\/uploads\/2024\/03\/35738a_a50ab7365a644f4a85b71a417b9ab0c3mv2.jpg\" data-width=\"258\" data-height=\"238\" aria-label=\"\" role=\"img\" ><\/div>\n\t\t\t\t\t\t\t\t\t\t\t<div class=\"elementor-gallery-item__overlay\"><\/div>\n\t\t\t\t\t\t\t\t\t\t\t\t\t\t<\/a>\n\t\t\t\t\t\t\t<a class=\"e-gallery-item elementor-gallery-item elementor-animated-content\" href=\"https:\/\/aluforma-plast.al\/wp-content\/uploads\/2024\/03\/35738a_877cd0b6af654e78bb011d25db51fc9cmv2.jpg\" data-elementor-open-lightbox=\"yes\" data-elementor-lightbox-slideshow=\"93682af\" data-elementor-lightbox-title=\"35738a_877cd0b6af654e78bb011d25db51fc9c~mv2\" data-e-action-hash=\"#elementor-action%3Aaction%3Dlightbox%26settings%3DeyJpZCI6OTkwMjc2LCJ1cmwiOiJodHRwczpcL1wvYWx1Zm9ybWEtcGxhc3QuYWxcL3dwLWNvbnRlbnRcL3VwbG9hZHNcLzIwMjRcLzAzXC8zNTczOGFfODc3Y2QwYjZhZjY1NGU3OGJiMDExZDI1ZGI1MWZjOWNtdjIuanBnIiwic2xpZGVzaG93IjoiOTM2ODJhZiJ9\">\n\t\t\t\t\t<div class=\"e-gallery-image elementor-gallery-item__image\" data-thumbnail=\"https:\/\/aluforma-plast.al\/wp-content\/uploads\/2024\/03\/35738a_877cd0b6af654e78bb011d25db51fc9cmv2.jpg\" data-width=\"258\" data-height=\"238\" aria-label=\"\" role=\"img\" ><\/div>\n\t\t\t\t\t\t\t\t\t\t\t<div class=\"elementor-gallery-item__overlay\"><\/div>\n\t\t\t\t\t\t\t\t\t\t\t\t\t\t<\/a>\n\t\t\t\t\t\t\t<a class=\"e-gallery-item elementor-gallery-item elementor-animated-content\" href=\"https:\/\/aluforma-plast.al\/wp-content\/uploads\/2024\/03\/35738a_9cc98713bf564f8aaec88c6552e83075mv2.jpg\" data-elementor-open-lightbox=\"yes\" data-elementor-lightbox-slideshow=\"93682af\" data-elementor-lightbox-title=\"35738a_9cc98713bf564f8aaec88c6552e83075~mv2\" data-e-action-hash=\"#elementor-action%3Aaction%3Dlightbox%26settings%3DeyJpZCI6OTkwMjc1LCJ1cmwiOiJodHRwczpcL1wvYWx1Zm9ybWEtcGxhc3QuYWxcL3dwLWNvbnRlbnRcL3VwbG9hZHNcLzIwMjRcLzAzXC8zNTczOGFfOWNjOTg3MTNiZjU2NGY4YWFlYzg4YzY1NTJlODMwNzVtdjIuanBnIiwic2xpZGVzaG93IjoiOTM2ODJhZiJ9\">\n\t\t\t\t\t<div class=\"e-gallery-image elementor-gallery-item__image\" data-thumbnail=\"https:\/\/aluforma-plast.al\/wp-content\/uploads\/2024\/03\/35738a_9cc98713bf564f8aaec88c6552e83075mv2.jpg\" data-width=\"258\" data-height=\"238\" aria-label=\"\" role=\"img\" ><\/div>\n\t\t\t\t\t\t\t\t\t\t\t<div class=\"elementor-gallery-item__overlay\"><\/div>\n\t\t\t\t\t\t\t\t\t\t\t\t\t\t<\/a>\n\t\t\t\t\t<\/div>\n\t\t\t\t\t<\/div>\n\t\t\t\t<\/div>\n\t\t\t\t\t<\/div>\n\t\t\t\t<\/div>\n\t\t\t\t<\/div>\n\t\t","protected":false},"excerpt":{"rendered":"<p>Barra Della Finestra Con Isolamento Strutturale L&#8217;immaginazione diventa realt\u00e0! Soluzioni per l&#8217;installazione di finestre in uno strato di isolamento termico Nastro per finestre &#8220;L-Therm&#8221; Black Line Realizzato in schiuma termoplastica ad alta densit\u00e0, a base di polistirene Il nastro per finestre L-THERM \u00e8 adatto alla separazione termica, per l&#8217;uso nei profili di finestre o porte&#8230;<\/p>\n","protected":false},"author":4,"featured_media":0,"parent":999783,"menu_order":0,"comment_status":"closed","ping_status":"closed","template":"elementor_header_footer","meta":{"footnotes":""},"class_list":["post-1000077","page","type-page","status-publish","hentry"],"yoast_head":"<!-- This site is optimized with the Yoast SEO plugin v26.2 - https:\/\/yoast.com\/wordpress\/plugins\/seo\/ -->\n<title>Shiriti Dritares Me Izolim Strukturor | Aluforma-Plast<\/title>\n<meta name=\"robots\" content=\"index, follow, max-snippet:-1, max-image-preview:large, max-video-preview:-1\" \/>\n<link rel=\"canonical\" href=\"https:\/\/aluforma-plast.al\/it\/finestre\/shiriti-dritares-me-izolim-strukturor\/\" \/>\n<meta property=\"og:locale\" content=\"it_IT\" \/>\n<meta property=\"og:type\" content=\"article\" \/>\n<meta property=\"og:title\" content=\"Shiriti Dritares Me Izolim Strukturor | Aluforma-Plast\" \/>\n<meta property=\"og:description\" content=\"Barra Della Finestra Con Isolamento Strutturale L&#8217;immaginazione diventa realt\u00e0! Soluzioni per l&#8217;installazione di finestre in uno strato di isolamento termico Nastro per finestre &#8220;L-Therm&#8221; Black Line Realizzato in schiuma termoplastica ad alta densit\u00e0, a base di polistirene Il nastro per finestre L-THERM \u00e8 adatto alla separazione termica, per l&#8217;uso nei profili di finestre o porte...\" \/>\n<meta property=\"og:url\" content=\"https:\/\/aluforma-plast.al\/it\/finestre\/shiriti-dritares-me-izolim-strukturor\/\" \/>\n<meta property=\"og:site_name\" content=\"Aluforma-Plast\" \/>\n<meta property=\"article:modified_time\" content=\"2024-06-26T15:21:52+00:00\" \/>\n<meta property=\"og:image\" content=\"https:\/\/aluforma-plast.al\/wp-content\/uploads\/2024\/03\/35738a_afa4b644da2e4e0e9b6c74ddfbed02c1mv2.jpg\" \/>\n<meta name=\"twitter:card\" content=\"summary_large_image\" \/>\n<meta name=\"twitter:label1\" content=\"Tempo di lettura stimato\" \/>\n\t<meta name=\"twitter:data1\" content=\"2 minuti\" \/>\n<script type=\"application\/ld+json\" class=\"yoast-schema-graph\">{\"@context\":\"https:\/\/schema.org\",\"@graph\":[{\"@type\":\"WebPage\",\"@id\":\"https:\/\/aluforma-plast.al\/it\/finestre\/shiriti-dritares-me-izolim-strukturor\/\",\"url\":\"https:\/\/aluforma-plast.al\/it\/finestre\/shiriti-dritares-me-izolim-strukturor\/\",\"name\":\"Shiriti Dritares Me Izolim Strukturor | Aluforma-Plast\",\"isPartOf\":{\"@id\":\"https:\/\/aluforma-plast.al\/it\/#website\"},\"primaryImageOfPage\":{\"@id\":\"https:\/\/aluforma-plast.al\/it\/finestre\/shiriti-dritares-me-izolim-strukturor\/#primaryimage\"},\"image\":{\"@id\":\"https:\/\/aluforma-plast.al\/it\/finestre\/shiriti-dritares-me-izolim-strukturor\/#primaryimage\"},\"thumbnailUrl\":\"https:\/\/aluforma-plast.al\/wp-content\/uploads\/2024\/03\/35738a_afa4b644da2e4e0e9b6c74ddfbed02c1mv2.jpg\",\"datePublished\":\"2024-03-15T14:20:52+00:00\",\"dateModified\":\"2024-06-26T15:21:52+00:00\",\"breadcrumb\":{\"@id\":\"https:\/\/aluforma-plast.al\/it\/finestre\/shiriti-dritares-me-izolim-strukturor\/#breadcrumb\"},\"inLanguage\":\"it-IT\",\"potentialAction\":[{\"@type\":\"ReadAction\",\"target\":[\"https:\/\/aluforma-plast.al\/it\/finestre\/shiriti-dritares-me-izolim-strukturor\/\"]}]},{\"@type\":\"ImageObject\",\"inLanguage\":\"it-IT\",\"@id\":\"https:\/\/aluforma-plast.al\/it\/finestre\/shiriti-dritares-me-izolim-strukturor\/#primaryimage\",\"url\":\"https:\/\/aluforma-plast.al\/wp-content\/uploads\/2024\/03\/35738a_afa4b644da2e4e0e9b6c74ddfbed02c1mv2.jpg\",\"contentUrl\":\"https:\/\/aluforma-plast.al\/wp-content\/uploads\/2024\/03\/35738a_afa4b644da2e4e0e9b6c74ddfbed02c1mv2.jpg\"},{\"@type\":\"BreadcrumbList\",\"@id\":\"https:\/\/aluforma-plast.al\/it\/finestre\/shiriti-dritares-me-izolim-strukturor\/#breadcrumb\",\"itemListElement\":[{\"@type\":\"ListItem\",\"position\":1,\"name\":\"Home\",\"item\":\"https:\/\/aluforma-plast.al\/it\/\"},{\"@type\":\"ListItem\",\"position\":2,\"name\":\"Finestre\",\"item\":\"https:\/\/aluforma-plast.al\/it\/finestre\/\"},{\"@type\":\"ListItem\",\"position\":3,\"name\":\"Shiriti Dritares Me Izolim Strukturor\"}]},{\"@type\":\"WebSite\",\"@id\":\"https:\/\/aluforma-plast.al\/it\/#website\",\"url\":\"https:\/\/aluforma-plast.al\/it\/\",\"name\":\"Aluforma-Plast\",\"description\":\"\",\"publisher\":{\"@id\":\"https:\/\/aluforma-plast.al\/it\/#organization\"},\"potentialAction\":[{\"@type\":\"SearchAction\",\"target\":{\"@type\":\"EntryPoint\",\"urlTemplate\":\"https:\/\/aluforma-plast.al\/it\/?s={search_term_string}\"},\"query-input\":{\"@type\":\"PropertyValueSpecification\",\"valueRequired\":true,\"valueName\":\"search_term_string\"}}],\"inLanguage\":\"it-IT\"},{\"@type\":\"Organization\",\"@id\":\"https:\/\/aluforma-plast.al\/it\/#organization\",\"name\":\"Aluforma-Plast\",\"url\":\"https:\/\/aluforma-plast.al\/it\/\",\"logo\":{\"@type\":\"ImageObject\",\"inLanguage\":\"it-IT\",\"@id\":\"https:\/\/aluforma-plast.al\/it\/#\/schema\/logo\/image\/\",\"url\":\"https:\/\/aluforma-plast.al\/wp-content\/uploads\/2023\/07\/Asset-1.svg\",\"contentUrl\":\"https:\/\/aluforma-plast.al\/wp-content\/uploads\/2023\/07\/Asset-1.svg\",\"width\":872,\"height\":207,\"caption\":\"Aluforma-Plast\"},\"image\":{\"@id\":\"https:\/\/aluforma-plast.al\/it\/#\/schema\/logo\/image\/\"}}]}<\/script>\n<!-- \/ Yoast SEO plugin. -->","yoast_head_json":{"title":"Shiriti Dritares Me Izolim Strukturor | Aluforma-Plast","robots":{"index":"index","follow":"follow","max-snippet":"max-snippet:-1","max-image-preview":"max-image-preview:large","max-video-preview":"max-video-preview:-1"},"canonical":"https:\/\/aluforma-plast.al\/it\/finestre\/shiriti-dritares-me-izolim-strukturor\/","og_locale":"it_IT","og_type":"article","og_title":"Shiriti Dritares Me Izolim Strukturor | Aluforma-Plast","og_description":"Barra Della Finestra Con Isolamento Strutturale L&#8217;immaginazione diventa realt\u00e0! Soluzioni per l&#8217;installazione di finestre in uno strato di isolamento termico Nastro per finestre &#8220;L-Therm&#8221; Black Line Realizzato in schiuma termoplastica ad alta densit\u00e0, a base di polistirene Il nastro per finestre L-THERM \u00e8 adatto alla separazione termica, per l&#8217;uso nei profili di finestre o porte...","og_url":"https:\/\/aluforma-plast.al\/it\/finestre\/shiriti-dritares-me-izolim-strukturor\/","og_site_name":"Aluforma-Plast","article_modified_time":"2024-06-26T15:21:52+00:00","og_image":[{"url":"https:\/\/aluforma-plast.al\/wp-content\/uploads\/2024\/03\/35738a_afa4b644da2e4e0e9b6c74ddfbed02c1mv2.jpg","type":"","width":"","height":""}],"twitter_card":"summary_large_image","twitter_misc":{"Tempo di lettura stimato":"2 minuti"},"schema":{"@context":"https:\/\/schema.org","@graph":[{"@type":"WebPage","@id":"https:\/\/aluforma-plast.al\/it\/finestre\/shiriti-dritares-me-izolim-strukturor\/","url":"https:\/\/aluforma-plast.al\/it\/finestre\/shiriti-dritares-me-izolim-strukturor\/","name":"Shiriti Dritares Me Izolim Strukturor | Aluforma-Plast","isPartOf":{"@id":"https:\/\/aluforma-plast.al\/it\/#website"},"primaryImageOfPage":{"@id":"https:\/\/aluforma-plast.al\/it\/finestre\/shiriti-dritares-me-izolim-strukturor\/#primaryimage"},"image":{"@id":"https:\/\/aluforma-plast.al\/it\/finestre\/shiriti-dritares-me-izolim-strukturor\/#primaryimage"},"thumbnailUrl":"https:\/\/aluforma-plast.al\/wp-content\/uploads\/2024\/03\/35738a_afa4b644da2e4e0e9b6c74ddfbed02c1mv2.jpg","datePublished":"2024-03-15T14:20:52+00:00","dateModified":"2024-06-26T15:21:52+00:00","breadcrumb":{"@id":"https:\/\/aluforma-plast.al\/it\/finestre\/shiriti-dritares-me-izolim-strukturor\/#breadcrumb"},"inLanguage":"it-IT","potentialAction":[{"@type":"ReadAction","target":["https:\/\/aluforma-plast.al\/it\/finestre\/shiriti-dritares-me-izolim-strukturor\/"]}]},{"@type":"ImageObject","inLanguage":"it-IT","@id":"https:\/\/aluforma-plast.al\/it\/finestre\/shiriti-dritares-me-izolim-strukturor\/#primaryimage","url":"https:\/\/aluforma-plast.al\/wp-content\/uploads\/2024\/03\/35738a_afa4b644da2e4e0e9b6c74ddfbed02c1mv2.jpg","contentUrl":"https:\/\/aluforma-plast.al\/wp-content\/uploads\/2024\/03\/35738a_afa4b644da2e4e0e9b6c74ddfbed02c1mv2.jpg"},{"@type":"BreadcrumbList","@id":"https:\/\/aluforma-plast.al\/it\/finestre\/shiriti-dritares-me-izolim-strukturor\/#breadcrumb","itemListElement":[{"@type":"ListItem","position":1,"name":"Home","item":"https:\/\/aluforma-plast.al\/it\/"},{"@type":"ListItem","position":2,"name":"Finestre","item":"https:\/\/aluforma-plast.al\/it\/finestre\/"},{"@type":"ListItem","position":3,"name":"Shiriti Dritares Me Izolim Strukturor"}]},{"@type":"WebSite","@id":"https:\/\/aluforma-plast.al\/it\/#website","url":"https:\/\/aluforma-plast.al\/it\/","name":"Aluforma-Plast","description":"","publisher":{"@id":"https:\/\/aluforma-plast.al\/it\/#organization"},"potentialAction":[{"@type":"SearchAction","target":{"@type":"EntryPoint","urlTemplate":"https:\/\/aluforma-plast.al\/it\/?s={search_term_string}"},"query-input":{"@type":"PropertyValueSpecification","valueRequired":true,"valueName":"search_term_string"}}],"inLanguage":"it-IT"},{"@type":"Organization","@id":"https:\/\/aluforma-plast.al\/it\/#organization","name":"Aluforma-Plast","url":"https:\/\/aluforma-plast.al\/it\/","logo":{"@type":"ImageObject","inLanguage":"it-IT","@id":"https:\/\/aluforma-plast.al\/it\/#\/schema\/logo\/image\/","url":"https:\/\/aluforma-plast.al\/wp-content\/uploads\/2023\/07\/Asset-1.svg","contentUrl":"https:\/\/aluforma-plast.al\/wp-content\/uploads\/2023\/07\/Asset-1.svg","width":872,"height":207,"caption":"Aluforma-Plast"},"image":{"@id":"https:\/\/aluforma-plast.al\/it\/#\/schema\/logo\/image\/"}}]}},"_links":{"self":[{"href":"https:\/\/aluforma-plast.al\/it\/wp-json\/wp\/v2\/pages\/1000077","targetHints":{"allow":["GET"]}}],"collection":[{"href":"https:\/\/aluforma-plast.al\/it\/wp-json\/wp\/v2\/pages"}],"about":[{"href":"https:\/\/aluforma-plast.al\/it\/wp-json\/wp\/v2\/types\/page"}],"author":[{"embeddable":true,"href":"https:\/\/aluforma-plast.al\/it\/wp-json\/wp\/v2\/users\/4"}],"replies":[{"embeddable":true,"href":"https:\/\/aluforma-plast.al\/it\/wp-json\/wp\/v2\/comments?post=1000077"}],"version-history":[{"count":0,"href":"https:\/\/aluforma-plast.al\/it\/wp-json\/wp\/v2\/pages\/1000077\/revisions"}],"up":[{"embeddable":true,"href":"https:\/\/aluforma-plast.al\/it\/wp-json\/wp\/v2\/pages\/999783"}],"wp:attachment":[{"href":"https:\/\/aluforma-plast.al\/it\/wp-json\/wp\/v2\/media?parent=1000077"}],"curies":[{"name":"wp","href":"https:\/\/api.w.org\/{rel}","templated":true}]}}